{"id":229,"date":"2019-10-18T16:02:04","date_gmt":"2019-10-18T14:02:04","guid":{"rendered":"https:\/\/casualit.ch\/?page_id=229"},"modified":"2023-03-04T14:34:04","modified_gmt":"2023-03-04T13:34:04","slug":"ueber-uns-2","status":"publish","type":"page","link":"https:\/\/casualit.ch\/?page_id=229","title":{"rendered":"\u00dcber uns"},"content":{"rendered":"\n<p>Die Casual IT GmbH wurde im Februar 2015 mit Sitz in Bern gegr\u00fcndet. Seither sind wir ununterbrochen und unerm\u00fcdlich f\u00fcr unsere Kunden im Einsatz und unterst\u00fctzen diese in verschiedensten Projekten im IT und Telekommunikationsbereich.<br><br>Wir leben den Ansatz \u00abCustomer First\u00bb und setzen auf eine nachhaltige Zusammenarbeit. Dies danken uns unsere Kunden mit l\u00e4ngerfristigen Mandaten und wiederkehrenden Auftr\u00e4gen. An dieser Stelle m\u00f6chten wir uns bei unseren bestehenden Kunden herzlich f\u00fcr das Vertrauen bedanken.<br><br>Nat\u00fcrlich freuen wir uns auch auf weitere zufriedene Kunden und werden ihnen bei Bedarf auch gerne Referenzen angeben.<br><br>In diesem Sinne\u2026 lasst uns weiter Geschichte schreiben!<br><br><em>casual IT \u2013 suitable solutions<\/em><br><em>Sympathische Menschen, passende L\u00f6sungen!<\/em><br><br><\/p>\n\n\n\n<div class=\"wp-block-media-text alignwide is-stacked-on-mobile has-small-font-size\" style=\"grid-template-columns:15% auto\"><figure class=\"wp-block-media-text__media\"><img loading=\"lazy\" decoding=\"async\" width=\"300\" height=\"300\" src=\"https:\/\/casualit.ch\/wp-content\/uploads\/2019\/10\/christian2-1.png\" alt=\"\" class=\"wp-image-261 size-full\" srcset=\"https:\/\/casualit.ch\/wp-content\/uploads\/2019\/10\/christian2-1.png 300w, https:\/\/casualit.ch\/wp-content\/uploads\/2019\/10\/christian2-1-150x150.png 150w, https:\/\/casualit.ch\/wp-content\/uploads\/2019\/10\/christian2-1-270x270.png 270w, https:\/\/casualit.ch\/wp-content\/uploads\/2019\/10\/christian2-1-230x230.png 230w\" sizes=\"(max-width: 300px) 100vw, 300px\" \/><\/figure><div class=\"wp-block-media-text__content\">\n<p class=\"has-large-font-size\">Christian Kunz<\/p>\n\n\n\n<p>Gesch\u00e4ftsf\u00fchrer, Projektleiter, Business Analyst, Scrum Master<br>+41 79 632 67 76<br>christian@casualit.ch<br> <a href=\"https:\/\/casualit.ch\/wp-content\/uploads\/2020\/03\/casual-IT_Kurzprofil_Christian-Kunz_20200331.pdf\">Kurzprofil [PDF]<\/a> <\/p>\n<\/div><\/div>\n\n\n\n<div class=\"wp-block-media-text alignwide is-stacked-on-mobile\" style=\"grid-template-columns:15% auto\"><figure class=\"wp-block-media-text__media\"><img loading=\"lazy\" decoding=\"async\" width=\"150\" height=\"150\" src=\"https:\/\/casualit.ch\/wp-content\/uploads\/2016\/05\/andreas-2.png\" alt=\"Andreas\" class=\"wp-image-190 size-full\"\/><\/figure><div class=\"wp-block-media-text__content\">\n<p class=\"has-large-font-size\">Andreas Messerli<\/p>\n\n\n\n<p>Gesch\u00e4ftsf\u00fchrer, Programm- und Projektleiter <br>+41 79 642 68 31  <br>andreas@casualit.ch <br><a href=\"https:\/\/casualit.ch\/wp-content\/uploads\/2017\/08\/casual-IT_Kurzprofil_Andreas_Messerli-20170810.pdf\">Kurzprofil [PDF]<\/a>  <\/p>\n<\/div><\/div>\n\n\n\n<p><\/p>\n","protected":false},"excerpt":{"rendered":"<p>Die Casual IT GmbH wurde im Februar 2015 mit Sitz in Bern gegr\u00fcndet. Seither sind wir ununterbrochen und unerm\u00fcdlich f\u00fcr unsere Kunden im Einsatz und unterst\u00fctzen diese in verschiedensten Projekten im IT und Telekommunikationsbereich. Wir leben den Ansatz \u00abCustomer First\u00bb<\/p>\n","protected":false},"author":1,"featured_media":0,"parent":0,"menu_order":0,"comment_status":"closed","ping_status":"closed","template":"","meta":{"footnotes":""},"_links":{"self":[{"href":"https:\/\/casualit.ch\/index.php?rest_route=\/wp\/v2\/pages\/229"}],"collection":[{"href":"https:\/\/casualit.ch\/index.php?rest_route=\/wp\/v2\/pages"}],"about":[{"href":"https:\/\/casualit.ch\/index.php?rest_route=\/wp\/v2\/types\/page"}],"author":[{"embeddable":true,"href":"https:\/\/casualit.ch\/index.php?rest_route=\/wp\/v2\/users\/1"}],"replies":[{"embeddable":true,"href":"https:\/\/casualit.ch\/index.php?rest_route=%2Fwp%2Fv2%2Fcomments&post=229"}],"version-history":[{"count":26,"href":"https:\/\/casualit.ch\/index.php?rest_route=\/wp\/v2\/pages\/229\/revisions"}],"predecessor-version":[{"id":279,"href":"https:\/\/casualit.ch\/index.php?rest_route=\/wp\/v2\/pages\/229\/revisions\/279"}],"wp:attachment":[{"href":"https:\/\/casualit.ch\/index.php?rest_route=%2Fwp%2Fv2%2Fmedia&parent=229"}],"curies":[{"name":"wp","href":"https:\/\/api.w.org\/{rel}","templated":true}]}}